{"id":100,"date":"2023-09-22T14:32:21","date_gmt":"2023-09-22T14:32:21","guid":{"rendered":"https:\/\/www.pugnanevini.it\/shop\/?post_type=product&#038;p=100"},"modified":"2025-10-28T10:28:49","modified_gmt":"2025-10-28T10:28:49","slug":"barolo-d-o-c-g-pugnane","status":"publish","type":"product","link":"https:\/\/www.pugnanevini.it\/shop\/prodotto\/barolo-d-o-c-g-pugnane\/","title":{"rendered":"BAROLO D.O.C.G. PUGNANE 2021"},"content":{"rendered":"<p><strong>Colore:<\/strong>\u00a0Rosso rubino\/granato trasparente e brillante<\/p>\n<p><strong>Profumi:<\/strong>\u00a0Profumo complesso ed ampio con naso giovanile, fresco con sentori di viola e sottobosco, con accennati sentori di legno derivanti dal periodo di affina &#8211; mento in legno e un leggero sentore di liquirizia tipico dei vini prodotti secondo la tipica tradizione locale e nonostante ci\u00f2 emerge ancora la vinosit\u00e0 del nebbiolo.<\/p>\n<p><strong>Sapore:<\/strong>\u00a0Gradevole asciutto,con tannini equilibrati, sentore di morbidezza e setosit\u00e0 derivanti dall&#8217;annata e dall&#8217;equilibrio tannico di cui il vino \u00e8 provvisto buona armonicit\u00e0, In bocca conferma la freschezza, e scorre elegante, di buona godibilit\u00e0 e piacevolezza.<\/p>\n<p><strong>Abbinamento:<\/strong>\u00a0Si abbina bene a piatti di selvaggina e di carni rosse.<\/p>\n<p><strong>Temperatura di servizio:<\/strong>\u00a0Quella ambiente; con l&#8217;accortezza di aprire la bottiglia qualche ora prima di servirlo al fine che il vino si ossigeni e possa offrire tutta la sua fragranza, meglio ancora se versato in decanter.<\/p>\n","protected":false},"excerpt":{"rendered":"<p><strong>Zona di produzione:<\/strong>\u00a0CASTIGLIONE FALLETTO<\/p>\n<p><strong>Posizione dei vigneti:<\/strong>\u00a0Esposizione sud-sud est con terreni di natura marnosa-argilloso calcarea<\/p>\n<p><strong>Forma di allevamento:<\/strong>\u00a0Guyot classico<\/p>\n<div class=\"scheda_tecnica\"><a href=\"https:\/\/www.pugnanevini.it\/shop\/wp-content\/uploads\/2024\/04\/Scheda_Barolo-Pugnane-D.O.C.G.-2023.pdf\" target=\"_blank\" rel=\"noopener\"><i class=\"fas fa-download\"><\/i> Scheda tecnica<\/a><\/div>\n","protected":false},"featured_media":287,"template":"","meta":{"_acf_changed":false},"product_cat":[17],"product_tag":[],"class_list":{"0":"post-100","1":"product","2":"type-product","3":"status-publish","4":"has-post-thumbnail","6":"product_cat-vini","8":"first","9":"instock","10":"sale","11":"shipping-taxable","12":"purchasable","13":"product-type-simple"},"acf":[],"yoast_head":"<!-- This site is optimized with the Yoast SEO plugin v22.9 - https:\/\/yoast.com\/wordpress\/plugins\/seo\/ -->\r\n<title>BAROLO D.O.C.G. PUGNANE 2021 - Cantina Pugnane Shop<\/title>\r\n<meta name=\"robots\" content=\"index, follow, max-snippet:-1, max-image-preview:large, max-video-preview:-1\" \/>\r\n<link rel=\"canonical\" href=\"https:\/\/www.pugnanevini.it\/shop\/prodotto\/barolo-d-o-c-g-pugnane\/\" \/>\r\n<meta property=\"og:locale\" content=\"it_IT\" \/>\r\n<meta property=\"og:type\" content=\"article\" \/>\r\n<meta property=\"og:title\" content=\"BAROLO D.O.C.G. PUGNANE 2021 - Cantina Pugnane Shop\" \/>\r\n<meta property=\"og:description\" content=\"Zona di produzione:\u00a0CASTIGLIONE FALLETTO  Posizione dei vigneti:\u00a0Esposizione sud-sud est con terreni di natura marnosa-argilloso calcarea  Forma di allevamento:\u00a0Guyot classico  Scheda tecnica\" \/>\r\n<meta property=\"og:url\" content=\"https:\/\/www.pugnanevini.it\/shop\/prodotto\/barolo-d-o-c-g-pugnane\/\" \/>\r\n<meta property=\"og:site_name\" content=\"Cantina Pugnane Shop\" \/>\r\n<meta property=\"article:modified_time\" content=\"2025-10-28T10:28:49+00:00\" \/>\r\n<meta property=\"og:image\" content=\"https:\/\/ml3kftcvdepm.i.optimole.com\/w:auto\/h:auto\/q:mauto\/ig:avif\/https:\/\/www.pugnanevini.it\/shop\/wp-content\/uploads\/2023\/09\/Barolo_Pugnane_2021_20251507.jpg\" \/>\r\n\t<meta property=\"og:image:width\" content=\"720\" \/>\r\n\t<meta property=\"og:image:height\" content=\"1080\" \/>\r\n\t<meta property=\"og:image:type\" content=\"image\/jpeg\" \/>\r\n<meta name=\"twitter:card\" content=\"summary_large_image\" \/>\r\n<meta name=\"twitter:label1\" content=\"Tempo di lettura stimato\" \/>\n\t<meta name=\"twitter:data1\" content=\"1 minuto\" \/>\r\n<script type=\"application\/ld+json\" class=\"yoast-schema-graph\">{\"@context\":\"https:\/\/schema.org\",\"@graph\":[{\"@type\":\"WebPage\",\"@id\":\"https:\/\/www.pugnanevini.it\/shop\/prodotto\/barolo-d-o-c-g-pugnane\/\",\"url\":\"https:\/\/www.pugnanevini.it\/shop\/prodotto\/barolo-d-o-c-g-pugnane\/\",\"name\":\"BAROLO D.O.C.G. PUGNANE 2021 - Cantina Pugnane Shop\",\"isPartOf\":{\"@id\":\"https:\/\/www.pugnanevini.it\/shop\/#website\"},\"primaryImageOfPage\":{\"@id\":\"https:\/\/www.pugnanevini.it\/shop\/prodotto\/barolo-d-o-c-g-pugnane\/#primaryimage\"},\"image\":{\"@id\":\"https:\/\/www.pugnanevini.it\/shop\/prodotto\/barolo-d-o-c-g-pugnane\/#primaryimage\"},\"thumbnailUrl\":\"https:\/\/ml3kftcvdepm.i.optimole.com\/w:auto\/h:auto\/q:mauto\/ig:avif\/https:\/\/www.pugnanevini.it\/shop\/wp-content\/uploads\/2023\/09\/Barolo_Pugnane_2021_20251507.jpg\",\"datePublished\":\"2023-09-22T14:32:21+00:00\",\"dateModified\":\"2025-10-28T10:28:49+00:00\",\"breadcrumb\":{\"@id\":\"https:\/\/www.pugnanevini.it\/shop\/prodotto\/barolo-d-o-c-g-pugnane\/#breadcrumb\"},\"inLanguage\":\"it-IT\",\"potentialAction\":[{\"@type\":\"ReadAction\",\"target\":[\"https:\/\/www.pugnanevini.it\/shop\/prodotto\/barolo-d-o-c-g-pugnane\/\"]}]},{\"@type\":\"ImageObject\",\"inLanguage\":\"it-IT\",\"@id\":\"https:\/\/www.pugnanevini.it\/shop\/prodotto\/barolo-d-o-c-g-pugnane\/#primaryimage\",\"url\":\"https:\/\/ml3kftcvdepm.i.optimole.com\/w:auto\/h:auto\/q:mauto\/ig:avif\/https:\/\/www.pugnanevini.it\/shop\/wp-content\/uploads\/2023\/09\/Barolo_Pugnane_2021_20251507.jpg\",\"contentUrl\":\"https:\/\/ml3kftcvdepm.i.optimole.com\/w:auto\/h:auto\/q:mauto\/ig:avif\/https:\/\/www.pugnanevini.it\/shop\/wp-content\/uploads\/2023\/09\/Barolo_Pugnane_2021_20251507.jpg\",\"width\":720,\"height\":1080,\"caption\":\"Barolo_Pugnane_2021_20251507\"},{\"@type\":\"BreadcrumbList\",\"@id\":\"https:\/\/www.pugnanevini.it\/shop\/prodotto\/barolo-d-o-c-g-pugnane\/#breadcrumb\",\"itemListElement\":[{\"@type\":\"ListItem\",\"position\":1,\"name\":\"Home\",\"item\":\"https:\/\/www.pugnanevini.it\/shop\/\"},{\"@type\":\"ListItem\",\"position\":2,\"name\":\"Shop\",\"item\":\"https:\/\/www.pugnanevini.it\/shop\/negozio\/\"},{\"@type\":\"ListItem\",\"position\":3,\"name\":\"BAROLO D.O.C.G. PUGNANE 2021\"}]},{\"@type\":\"WebSite\",\"@id\":\"https:\/\/www.pugnanevini.it\/shop\/#website\",\"url\":\"https:\/\/www.pugnanevini.it\/shop\/\",\"name\":\"Cantina Pugnane Shop\",\"description\":\"\",\"potentialAction\":[{\"@type\":\"SearchAction\",\"target\":{\"@type\":\"EntryPoint\",\"urlTemplate\":\"https:\/\/www.pugnanevini.it\/shop\/?s={search_term_string}\"},\"query-input\":\"required name=search_term_string\"}],\"inLanguage\":\"it-IT\"}]}<\/script>\r\n<!-- \/ Yoast SEO plugin. -->","yoast_head_json":{"title":"BAROLO D.O.C.G. PUGNANE 2021 - Cantina Pugnane Shop","robots":{"index":"index","follow":"follow","max-snippet":"max-snippet:-1","max-image-preview":"max-image-preview:large","max-video-preview":"max-video-preview:-1"},"canonical":"https:\/\/www.pugnanevini.it\/shop\/prodotto\/barolo-d-o-c-g-pugnane\/","og_locale":"it_IT","og_type":"article","og_title":"BAROLO D.O.C.G. PUGNANE 2021 - Cantina Pugnane Shop","og_description":"Zona di produzione:\u00a0CASTIGLIONE FALLETTO  Posizione dei vigneti:\u00a0Esposizione sud-sud est con terreni di natura marnosa-argilloso calcarea  Forma di allevamento:\u00a0Guyot classico  Scheda tecnica","og_url":"https:\/\/www.pugnanevini.it\/shop\/prodotto\/barolo-d-o-c-g-pugnane\/","og_site_name":"Cantina Pugnane Shop","article_modified_time":"2025-10-28T10:28:49+00:00","og_image":[{"width":720,"height":1080,"url":"https:\/\/ml3kftcvdepm.i.optimole.com\/w:auto\/h:auto\/q:mauto\/ig:avif\/https:\/\/www.pugnanevini.it\/shop\/wp-content\/uploads\/2023\/09\/Barolo_Pugnane_2021_20251507.jpg","type":"image\/jpeg"}],"twitter_card":"summary_large_image","twitter_misc":{"Tempo di lettura stimato":"1 minuto"},"schema":{"@context":"https:\/\/schema.org","@graph":[{"@type":"WebPage","@id":"https:\/\/www.pugnanevini.it\/shop\/prodotto\/barolo-d-o-c-g-pugnane\/","url":"https:\/\/www.pugnanevini.it\/shop\/prodotto\/barolo-d-o-c-g-pugnane\/","name":"BAROLO D.O.C.G. PUGNANE 2021 - Cantina Pugnane Shop","isPartOf":{"@id":"https:\/\/www.pugnanevini.it\/shop\/#website"},"primaryImageOfPage":{"@id":"https:\/\/www.pugnanevini.it\/shop\/prodotto\/barolo-d-o-c-g-pugnane\/#primaryimage"},"image":{"@id":"https:\/\/www.pugnanevini.it\/shop\/prodotto\/barolo-d-o-c-g-pugnane\/#primaryimage"},"thumbnailUrl":"https:\/\/ml3kftcvdepm.i.optimole.com\/w:auto\/h:auto\/q:mauto\/ig:avif\/https:\/\/www.pugnanevini.it\/shop\/wp-content\/uploads\/2023\/09\/Barolo_Pugnane_2021_20251507.jpg","datePublished":"2023-09-22T14:32:21+00:00","dateModified":"2025-10-28T10:28:49+00:00","breadcrumb":{"@id":"https:\/\/www.pugnanevini.it\/shop\/prodotto\/barolo-d-o-c-g-pugnane\/#breadcrumb"},"inLanguage":"it-IT","potentialAction":[{"@type":"ReadAction","target":["https:\/\/www.pugnanevini.it\/shop\/prodotto\/barolo-d-o-c-g-pugnane\/"]}]},{"@type":"ImageObject","inLanguage":"it-IT","@id":"https:\/\/www.pugnanevini.it\/shop\/prodotto\/barolo-d-o-c-g-pugnane\/#primaryimage","url":"https:\/\/ml3kftcvdepm.i.optimole.com\/w:auto\/h:auto\/q:mauto\/ig:avif\/https:\/\/www.pugnanevini.it\/shop\/wp-content\/uploads\/2023\/09\/Barolo_Pugnane_2021_20251507.jpg","contentUrl":"https:\/\/ml3kftcvdepm.i.optimole.com\/w:auto\/h:auto\/q:mauto\/ig:avif\/https:\/\/www.pugnanevini.it\/shop\/wp-content\/uploads\/2023\/09\/Barolo_Pugnane_2021_20251507.jpg","width":720,"height":1080,"caption":"Barolo_Pugnane_2021_20251507"},{"@type":"BreadcrumbList","@id":"https:\/\/www.pugnanevini.it\/shop\/prodotto\/barolo-d-o-c-g-pugnane\/#breadcrumb","itemListElement":[{"@type":"ListItem","position":1,"name":"Home","item":"https:\/\/www.pugnanevini.it\/shop\/"},{"@type":"ListItem","position":2,"name":"Shop","item":"https:\/\/www.pugnanevini.it\/shop\/negozio\/"},{"@type":"ListItem","position":3,"name":"BAROLO D.O.C.G. PUGNANE 2021"}]},{"@type":"WebSite","@id":"https:\/\/www.pugnanevini.it\/shop\/#website","url":"https:\/\/www.pugnanevini.it\/shop\/","name":"Cantina Pugnane Shop","description":"","potentialAction":[{"@type":"SearchAction","target":{"@type":"EntryPoint","urlTemplate":"https:\/\/www.pugnanevini.it\/shop\/?s={search_term_string}"},"query-input":"required name=search_term_string"}],"inLanguage":"it-IT"}]}},"_links":{"self":[{"href":"https:\/\/www.pugnanevini.it\/shop\/wp-json\/wp\/v2\/product\/100","targetHints":{"allow":["GET"]}}],"collection":[{"href":"https:\/\/www.pugnanevini.it\/shop\/wp-json\/wp\/v2\/product"}],"about":[{"href":"https:\/\/www.pugnanevini.it\/shop\/wp-json\/wp\/v2\/types\/product"}],"wp:featuredmedia":[{"embeddable":true,"href":"https:\/\/www.pugnanevini.it\/shop\/wp-json\/wp\/v2\/media\/287"}],"wp:attachment":[{"href":"https:\/\/www.pugnanevini.it\/shop\/wp-json\/wp\/v2\/media?parent=100"}],"wp:term":[{"taxonomy":"product_cat","embeddable":true,"href":"https:\/\/www.pugnanevini.it\/shop\/wp-json\/wp\/v2\/product_cat?post=100"},{"taxonomy":"product_tag","embeddable":true,"href":"https:\/\/www.pugnanevini.it\/shop\/wp-json\/wp\/v2\/product_tag?post=100"}],"curies":[{"name":"wp","href":"https:\/\/api.w.org\/{rel}","templated":true}]}}